{"id":114,"date":"2014-02-18T00:56:46","date_gmt":"2014-02-18T00:56:46","guid":{"rendered":"http:\/\/www.globalconsultoriabh.com.br\/?page_id=114"},"modified":"2014-02-28T20:22:11","modified_gmt":"2014-02-28T20:22:11","slug":"elaboracao-de-planos-de-negocios","status":"publish","type":"page","link":"https:\/\/globalconsultoriabh.com.br\/?page_id=114","title":{"rendered":"Elabora\u00e7\u00e3o de Planos de Neg\u00f3cios"},"content":{"rendered":"<div class=\"flex_column av_one_full  flex_column_div first  \" ><p><div style='padding-bottom:10px;' class='av-special-heading av-special-heading-h3 meta-heading  '><h3 class='av-special-heading-tag'  itemprop=\"headline\"  >Elabora\u00e7\u00e3o de Planos de Neg\u00f3cios<\/h3><div class='special-heading-border'><div class='special-heading-inner-border' ><\/div><\/div><\/div><br \/>\n<section class=\"av_textblock_section\"  itemscope=\"itemscope\" itemtype=\"https:\/\/schema.org\/CreativeWork\" ><div class='avia_textblock '   itemprop=\"text\" ><ul style=\"text-align: justify;\">\n<li>\u00c9 um documento que descreve por escrito os objetivos de um neg\u00f3cio e quais passos devem ser dados para que eles sejam alcan\u00e7ados diminuindo os riscos e as incertezas. Ajuda o empreendedor a compreender as v\u00e1rias vertentes do seu neg\u00f3cio e guia o seu desenvolvimento a curto, m\u00e9dio e longo prazo mediante um conjunto de objetivos previamente estabelecidos e acordados.<b><\/b><\/li>\n<\/ul>\n<\/div><\/section><\/p><\/div>\t<div  class='av_promobox avia-button-yes '>\t\t<div class='avia-promocontent'><p>\nGostaria de conhecer os nossos servi\u00e7os? Vamos agendar uma reuni\u00e3o!<\/p>\n<\/div><div class='avia-button-wrap avia-button-right '><a href='https:\/\/globalconsultoriabh.com.br\/?page_id=188' class='avia-button  avia-icon_select-no avia-color-theme-color avia-size-large avia-position-right '   ><span class='avia_iconbox_title' >Agendar Reuni\u00e3o<\/span><\/a><\/div>\t<\/div><\/p>\n","protected":false},"excerpt":{"rendered":"","protected":false},"author":3,"featured_media":0,"parent":116,"menu_order":0,"comment_status":"open","ping_status":"open","template":"","meta":[],"_links":{"self":[{"href":"https:\/\/globalconsultoriabh.com.br\/index.php?rest_route=\/wp\/v2\/pages\/114"}],"collection":[{"href":"https:\/\/globalconsultoriabh.com.br\/index.php?rest_route=\/wp\/v2\/pages"}],"about":[{"href":"https:\/\/globalconsultoriabh.com.br\/index.php?rest_route=\/wp\/v2\/types\/page"}],"author":[{"embeddable":true,"href":"https:\/\/globalconsultoriabh.com.br\/index.php?rest_route=\/wp\/v2\/users\/3"}],"replies":[{"embeddable":true,"href":"https:\/\/globalconsultoriabh.com.br\/index.php?rest_route=%2Fwp%2Fv2%2Fcomments&post=114"}],"version-history":[{"count":9,"href":"https:\/\/globalconsultoriabh.com.br\/index.php?rest_route=\/wp\/v2\/pages\/114\/revisions"}],"predecessor-version":[{"id":466,"href":"https:\/\/globalconsultoriabh.com.br\/index.php?rest_route=\/wp\/v2\/pages\/114\/revisions\/466"}],"up":[{"embeddable":true,"href":"https:\/\/globalconsultoriabh.com.br\/index.php?rest_route=\/wp\/v2\/pages\/116"}],"wp:attachment":[{"href":"https:\/\/globalconsultoriabh.com.br\/index.php?rest_route=%2Fwp%2Fv2%2Fmedia&parent=114"}],"curies":[{"name":"wp","href":"https:\/\/api.w.org\/{rel}","templated":true}]}}