{"id":119,"date":"2014-02-18T00:57:36","date_gmt":"2014-02-18T00:57:36","guid":{"rendered":"http:\/\/www.globalconsultoriabh.com.br\/?page_id=119"},"modified":"2014-02-26T19:30:37","modified_gmt":"2014-02-26T19:30:37","slug":"recursos-humanos","status":"publish","type":"page","link":"https:\/\/globalconsultoriabh.com.br\/?page_id=119","title":{"rendered":"Recursos Humanos"},"content":{"rendered":"<div class=\"flex_column av_one_full  flex_column_div first  \" ><p><div style='padding-bottom:10px;' class='av-special-heading av-special-heading-h3 meta-heading  '><h3 class='av-special-heading-tag'  itemprop=\"headline\"  >Recursos Humanos<\/h3><div class='special-heading-border'><div class='special-heading-inner-border' ><\/div><\/div><\/div><br \/>\n<section class=\"av_textblock_section\"  itemscope=\"itemscope\" itemtype=\"https:\/\/schema.org\/CreativeWork\" ><div class='avia_textblock '   itemprop=\"text\" ><p style=\"text-align: justify;\">J\u00e1 faz algum tempo que a \u00e1rea de Recursos Humanos passou de um simples departamento de pessoal para um agente de transforma\u00e7\u00e3o nas organiza\u00e7\u00f5es, provocando mudan\u00e7as e oferecendo sustenta\u00e7\u00e3o na implementa\u00e7\u00e3o das mesmas.<\/p>\n<p style=\"text-align: justify;\">A empresa que opta pela vanguarda em gest\u00e3o de pessoas certamente obter\u00e1 resultados ben\u00e9ficos a sua sa\u00fade organizacional, aumentando a produtividade, garantindo a sobreviv\u00eancia do neg\u00f3cio e propiciando satisfa\u00e7\u00e3o aos empregados.<\/p>\n<\/div><\/section><\/p><\/div>\t<div  class='av_promobox avia-button-yes '>\t\t<div class='avia-promocontent'><p>\nGostaria de conhecer os nossos servi\u00e7os? Vamos agendar uma reuni\u00e3o!<\/p>\n<\/div><div class='avia-button-wrap avia-button-right '><a href='https:\/\/globalconsultoriabh.com.br\/?page_id=188' class='avia-button  avia-icon_select-no avia-color-theme-color avia-size-large avia-position-right '   ><span class='avia_iconbox_title' >Agendar Reuni\u00e3o<\/span><\/a><\/div>\t<\/div><\/p>\n","protected":false},"excerpt":{"rendered":"","protected":false},"author":3,"featured_media":0,"parent":51,"menu_order":0,"comment_status":"open","ping_status":"open","template":"","meta":[],"_links":{"self":[{"href":"https:\/\/globalconsultoriabh.com.br\/index.php?rest_route=\/wp\/v2\/pages\/119"}],"collection":[{"href":"https:\/\/globalconsultoriabh.com.br\/index.php?rest_route=\/wp\/v2\/pages"}],"about":[{"href":"https:\/\/globalconsultoriabh.com.br\/index.php?rest_route=\/wp\/v2\/types\/page"}],"author":[{"embeddable":true,"href":"https:\/\/globalconsultoriabh.com.br\/index.php?rest_route=\/wp\/v2\/users\/3"}],"replies":[{"embeddable":true,"href":"https:\/\/globalconsultoriabh.com.br\/index.php?rest_route=%2Fwp%2Fv2%2Fcomments&post=119"}],"version-history":[{"count":6,"href":"https:\/\/globalconsultoriabh.com.br\/index.php?rest_route=\/wp\/v2\/pages\/119\/revisions"}],"predecessor-version":[{"id":443,"href":"https:\/\/globalconsultoriabh.com.br\/index.php?rest_route=\/wp\/v2\/pages\/119\/revisions\/443"}],"up":[{"embeddable":true,"href":"https:\/\/globalconsultoriabh.com.br\/index.php?rest_route=\/wp\/v2\/pages\/51"}],"wp:attachment":[{"href":"https:\/\/globalconsultoriabh.com.br\/index.php?rest_route=%2Fwp%2Fv2%2Fmedia&parent=119"}],"curies":[{"name":"wp","href":"https:\/\/api.w.org\/{rel}","templated":true}]}}