{"id":121,"date":"2014-02-18T00:58:03","date_gmt":"2014-02-18T00:58:03","guid":{"rendered":"http:\/\/www.globalconsultoriabh.com.br\/?page_id=121"},"modified":"2014-02-28T20:30:34","modified_gmt":"2014-02-28T20:30:34","slug":"marketing","status":"publish","type":"page","link":"https:\/\/globalconsultoriabh.com.br\/?page_id=121","title":{"rendered":"Marketing"},"content":{"rendered":"<div class=\"flex_column av_one_full  flex_column_div first  \" ><p><div style='padding-bottom:10px;' class='av-special-heading av-special-heading-h3 meta-heading  '><h3 class='av-special-heading-tag'  itemprop=\"headline\"  >Marketing<\/h3><div class='special-heading-border'><div class='special-heading-inner-border' ><\/div><\/div><\/div><br \/>\n<section class=\"av_textblock_section\"  itemscope=\"itemscope\" itemtype=\"https:\/\/schema.org\/CreativeWork\" ><div class='avia_textblock '   itemprop=\"text\" ><p style=\"text-align: justify;\">\u00c9 uma fun\u00e7\u00e3o organizacional e um conjunto de processos que envolvem a cria\u00e7\u00e3o, a comunica\u00e7\u00e3o e a entrega de valor para os clientes, bem como a administra\u00e7\u00e3o do relacionamento com eles, de modo que beneficie a organiza\u00e7\u00e3o e seu p\u00fablico interessado.<\/p>\n<p style=\"text-align: justify;\">O Plano de Marketing n\u00e3o necessariamente \u00e9 a garantia para o sucesso de uma empresa, mas ele diminui muito as chances de errar. Facilita a compreens\u00e3o e implementa\u00e7\u00e3o de a\u00e7\u00f5es adequadas ao mercado de atua\u00e7\u00e3o, capta\u00e7\u00e3o de clientes, aumento de vendas e de lucratividade do seu neg\u00f3cio.<\/p>\n<p style=\"text-align: justify;\">Al\u00e9m disso, o Plano permite analisar o mercado e identificar tend\u00eancias para se adaptar \u00e0s constantes mudan\u00e7as.<\/p>\n<\/div><\/section><\/p><\/div>\t<div  class='av_promobox avia-button-yes '>\t\t<div class='avia-promocontent'><p>\nGostaria de conhecer os nossos servi\u00e7os? Vamos agendar uma reuni\u00e3o!<\/p>\n<\/div><div class='avia-button-wrap avia-button-right '><a href='https:\/\/globalconsultoriabh.com.br\/?page_id=188' class='avia-button  avia-icon_select-no avia-color-theme-color avia-size-large avia-position-right '   ><span class='avia_iconbox_title' >Agendar Reuni\u00e3o<\/span><\/a><\/div>\t<\/div><\/p>\n","protected":false},"excerpt":{"rendered":"","protected":false},"author":3,"featured_media":0,"parent":51,"menu_order":0,"comment_status":"open","ping_status":"open","template":"","meta":[],"_links":{"self":[{"href":"https:\/\/globalconsultoriabh.com.br\/index.php?rest_route=\/wp\/v2\/pages\/121"}],"collection":[{"href":"https:\/\/globalconsultoriabh.com.br\/index.php?rest_route=\/wp\/v2\/pages"}],"about":[{"href":"https:\/\/globalconsultoriabh.com.br\/index.php?rest_route=\/wp\/v2\/types\/page"}],"author":[{"embeddable":true,"href":"https:\/\/globalconsultoriabh.com.br\/index.php?rest_route=\/wp\/v2\/users\/3"}],"replies":[{"embeddable":true,"href":"https:\/\/globalconsultoriabh.com.br\/index.php?rest_route=%2Fwp%2Fv2%2Fcomments&post=121"}],"version-history":[{"count":7,"href":"https:\/\/globalconsultoriabh.com.br\/index.php?rest_route=\/wp\/v2\/pages\/121\/revisions"}],"predecessor-version":[{"id":471,"href":"https:\/\/globalconsultoriabh.com.br\/index.php?rest_route=\/wp\/v2\/pages\/121\/revisions\/471"}],"up":[{"embeddable":true,"href":"https:\/\/globalconsultoriabh.com.br\/index.php?rest_route=\/wp\/v2\/pages\/51"}],"wp:attachment":[{"href":"https:\/\/globalconsultoriabh.com.br\/index.php?rest_route=%2Fwp%2Fv2%2Fmedia&parent=121"}],"curies":[{"name":"wp","href":"https:\/\/api.w.org\/{rel}","templated":true}]}}