{"id":123,"date":"2014-02-18T00:58:30","date_gmt":"2014-02-18T00:58:30","guid":{"rendered":"http:\/\/www.globalconsultoriabh.com.br\/?page_id=123"},"modified":"2014-02-28T17:28:41","modified_gmt":"2014-02-28T17:28:41","slug":"financas","status":"publish","type":"page","link":"https:\/\/globalconsultoriabh.com.br\/?page_id=123","title":{"rendered":"Finan\u00e7as"},"content":{"rendered":"<div class=\"flex_column av_one_full  flex_column_div first  \" ><p><div style='padding-bottom:10px;' class='av-special-heading av-special-heading-h3 meta-heading  '><h3 class='av-special-heading-tag'  itemprop=\"headline\"  >Finan\u00e7as<\/h3><div class='special-heading-border'><div class='special-heading-inner-border' ><\/div><\/div><\/div><br \/>\n<section class=\"av_textblock_section\"  itemscope=\"itemscope\" itemtype=\"https:\/\/schema.org\/CreativeWork\" ><div class='avia_textblock '   itemprop=\"text\" ><p style=\"text-align: justify;\">As mudan\u00e7as percebidas pelas organiza\u00e7\u00f5es acontecem cada vez mais rapidamente e a globaliza\u00e7\u00e3o as obriga a competir em um mercado cada vez mais global. Isso leva as empresas a repensarem seus processos e controles de recursos, a fim de garantir sua sobreviv\u00eancia.<\/p>\n<p style=\"text-align: justify;\">A administra\u00e7\u00e3o financeira \u00e9 vital para a sobreviv\u00eancia das empresas. Frente \u00e0s amea\u00e7as do novo mercado, uma economia global e altamente competitiva, controlar eficientemente as finan\u00e7as de uma organiza\u00e7\u00e3o representa o diferencial entre o sucesso e o fracasso para essa empresa.<\/p>\n<p style=\"text-align: justify;\">Assim, pode-se dizer que a administra\u00e7\u00e3o financeira est\u00e1 diretamente relacionada com a maneira pela qual uma organiza\u00e7\u00e3o obt\u00e9m, direciona e controla os seus recursos financeiros, a fim de alcan\u00e7ar os objetivos e metas organizacionais.<\/p>\n<\/div><\/section><\/p><\/div>\t<div  class='av_promobox avia-button-yes '>\t\t<div class='avia-promocontent'><p>\nGostaria de conhecer os nossos servi\u00e7os? Vamos agendar uma reuni\u00e3o!<\/p>\n<\/div><div class='avia-button-wrap avia-button-right '><a href='https:\/\/globalconsultoriabh.com.br\/?page_id=188' class='avia-button  avia-icon_select-no avia-color-theme-color avia-size-large avia-position-right '   ><span class='avia_iconbox_title' >Agendar Reuni\u00e3o<\/span><\/a><\/div>\t<\/div><\/p>\n","protected":false},"excerpt":{"rendered":"","protected":false},"author":3,"featured_media":0,"parent":51,"menu_order":0,"comment_status":"open","ping_status":"open","template":"","meta":[],"_links":{"self":[{"href":"https:\/\/globalconsultoriabh.com.br\/index.php?rest_route=\/wp\/v2\/pages\/123"}],"collection":[{"href":"https:\/\/globalconsultoriabh.com.br\/index.php?rest_route=\/wp\/v2\/pages"}],"about":[{"href":"https:\/\/globalconsultoriabh.com.br\/index.php?rest_route=\/wp\/v2\/types\/page"}],"author":[{"embeddable":true,"href":"https:\/\/globalconsultoriabh.com.br\/index.php?rest_route=\/wp\/v2\/users\/3"}],"replies":[{"embeddable":true,"href":"https:\/\/globalconsultoriabh.com.br\/index.php?rest_route=%2Fwp%2Fv2%2Fcomments&post=123"}],"version-history":[{"count":9,"href":"https:\/\/globalconsultoriabh.com.br\/index.php?rest_route=\/wp\/v2\/pages\/123\/revisions"}],"predecessor-version":[{"id":452,"href":"https:\/\/globalconsultoriabh.com.br\/index.php?rest_route=\/wp\/v2\/pages\/123\/revisions\/452"}],"up":[{"embeddable":true,"href":"https:\/\/globalconsultoriabh.com.br\/index.php?rest_route=\/wp\/v2\/pages\/51"}],"wp:attachment":[{"href":"https:\/\/globalconsultoriabh.com.br\/index.php?rest_route=%2Fwp%2Fv2%2Fmedia&parent=123"}],"curies":[{"name":"wp","href":"https:\/\/api.w.org\/{rel}","templated":true}]}}