{"id":188,"date":"2014-02-18T18:35:18","date_gmt":"2014-02-18T18:35:18","guid":{"rendered":"http:\/\/www.globalconsultoriabh.com.br\/?page_id=188"},"modified":"2016-01-03T13:37:55","modified_gmt":"2016-01-03T13:37:55","slug":"reuniao","status":"publish","type":"page","link":"https:\/\/globalconsultoriabh.com.br\/?page_id=188","title":{"rendered":"Reuni\u00e3o"},"content":{"rendered":"<\/div><\/div><\/div><!-- close content main div --><\/div><\/div><div id='av_section_1' class='avia-section main_color avia-section-default avia-no-shadow avia-bg-style-scroll  container_wrap sidebar_right'   ><div class='container' ><div class='template-page content  av-content-small alpha units'><div class='post-entry post-entry-type-page post-entry-188'><div class='entry-content-wrapper clearfix'>\n<div class=\"flex_column av_one_full  flex_column_div first  \" ><p><div style='padding-bottom:10px;' class='av-special-heading av-special-heading-h3 meta-heading   '><h3 class='av-special-heading-tag'  itemprop=\"headline\"  >Agendar Reuni\u00e3o<\/h3><div class='special-heading-border'><div class='special-heading-inner-border' ><\/div><\/div><\/div><br \/>\n<section class=\"av_textblock_section\"  itemscope=\"itemscope\" itemtype=\"https:\/\/schema.org\/CreativeWork\" ><div class='avia_textblock '   itemprop=\"text\" ><p>Se a sua empresa tem planos de expans\u00e3o, est\u00e1 em busca de novos projetos, fa\u00e7a um contato conosco para agendarmos uma reuni\u00e3o.<\/p>\n<p>Nosso objetivo \u00e9 conhecer a sua realidade atual, entender os objetivos estrat\u00e9gicos da sua empresa e esclarecermos todos os detalhes sobre como desenvolvemos o nosso trabalho.<\/p>\n<p>Agende a sua reuni\u00e3o atrav\u00e9s do formul\u00e1rio abaixo ou pelo telefone (31) 9615-9240<\/p>\n<\/div><\/section><br \/>\n<form action=\"https:\/\/globalconsultoriabh.com.br\/?page_id=188\" method=\"post\"  class=\"avia_ajax_form av-form-labels-visible   \" data-avia-form-id=\"1\" data-avia-redirect=''><fieldset><p class=' first_form  form_element form_fullwidth' id='element_avia_1_1'><label for=\"avia_1_1\">Nome <abbr class=\"required\" title=\"required\">*<\/abbr><\/label> <input name=\"avia_1_1\" class=\"text_input is_empty\" type=\"text\" id=\"avia_1_1\" value=\"\" \/><\/p><p class=' first_form  form_element form_fullwidth' id='element_avia_2_1'><label for=\"avia_2_1\">E-Mail <abbr class=\"required\" title=\"required\">*<\/abbr><\/label> <input name=\"avia_2_1\" class=\"text_input is_email\" type=\"text\" id=\"avia_2_1\" value=\"\" \/><\/p><p class=' first_form  form_element form_element_half' id='element_avia_3_1'><label for=\"avia_3_1\">Telefone <abbr class=\"required\" title=\"required\">*<\/abbr><\/label> <input name=\"avia_3_1\" class=\"text_input is_empty\" type=\"text\" id=\"avia_3_1\" value=\"\" \/><\/p><p class=' form_element form_element_half' id='element_avia_4_1'><label for=\"avia_4_1\">Empresa<\/label> <input name=\"avia_4_1\" class=\"text_input \" type=\"text\" id=\"avia_4_1\" value=\"\" \/><\/p><p class=' first_form  form_element form_element_half' id='element_avia_5_1'><label for=\"avia_5_1\">Data <abbr class=\"required\" title=\"required\">*<\/abbr><\/label> <input name=\"avia_5_1\" class=\"text_input is_empty\" type=\"text\" id=\"avia_5_1\" value=\"\" \/><\/p><p class=' form_element form_element_half' id='element_avia_6_1'><label for=\"avia_6_1\">Hora <abbr class=\"required\" title=\"required\">*<\/abbr><\/label> <input name=\"avia_6_1\" class=\"text_input is_empty\" type=\"text\" id=\"avia_6_1\" value=\"\" \/><\/p><p class=' first_form  form_element form_fullwidth' id='element_avia_7_1'>\t <label for=\"avia_7_1\" class=\"textare_label hidden textare_label_avia_7_1\">Endere\u00e7o <abbr class=\"required\" title=\"required\">*<\/abbr><\/label>\t <textarea  name=\"avia_7_1\" class=\"text_area is_empty\" cols=\"40\" rows=\"7\" id=\"avia_7_1\" ><\/textarea><\/p><p class=\"hidden\"><input type=\"text\" name=\"avia_8_1\" class=\"hidden \" id=\"avia_8_1\" value=\"\" \/><\/p><p class='' id='element_avia_9_1'>    <span class='value_verifier_label'>6 + 1 = ?<\/span>    <input name=\"avia_9_1_verifier\" type=\"hidden\" id=\"avia_9_1_verifier\" value=\"573764877\"\/><label for=\"avia_9_1\">Please prove that you are human by solving the equation <abbr class=\"required\" title=\"required\">*<\/abbr><\/label>    <input name=\"avia_9_1\" class=\"text_input captcha\" type=\"text\" id=\"avia_9_1\" value=\"\"\/><\/p><p class=\"form_element \"><input type=\"hidden\" value=\"1\" name=\"avia_generated_form1\" \/><input type=\"submit\" value=\"Solicitar Reuni\u00e3o\" class=\"button\"  data-sending-label=\"Sending\"\/><\/p><\/fieldset><\/form><div id=\"ajaxresponse_1\" class=\"ajaxresponse ajaxresponse_1 hidden\"><\/div><\/p><\/div><\/div><\/div><\/div><!-- close content main div --><\/div><\/div><div id='after_section_1' class='main_color av_default_container_wrap container_wrap sidebar_right'   ><div class='container' ><div class='template-page content  av-content-small alpha units'><div class='post-entry post-entry-type-page post-entry-188'><div class='entry-content-wrapper clearfix'>\n","protected":false},"excerpt":{"rendered":"","protected":false},"author":3,"featured_media":0,"parent":0,"menu_order":0,"comment_status":"open","ping_status":"open","template":"","meta":[],"_links":{"self":[{"href":"https:\/\/globalconsultoriabh.com.br\/index.php?rest_route=\/wp\/v2\/pages\/188"}],"collection":[{"href":"https:\/\/globalconsultoriabh.com.br\/index.php?rest_route=\/wp\/v2\/pages"}],"about":[{"href":"https:\/\/globalconsultoriabh.com.br\/index.php?rest_route=\/wp\/v2\/types\/page"}],"author":[{"embeddable":true,"href":"https:\/\/globalconsultoriabh.com.br\/index.php?rest_route=\/wp\/v2\/users\/3"}],"replies":[{"embeddable":true,"href":"https:\/\/globalconsultoriabh.com.br\/index.php?rest_route=%2Fwp%2Fv2%2Fcomments&post=188"}],"version-history":[{"count":6,"href":"https:\/\/globalconsultoriabh.com.br\/index.php?rest_route=\/wp\/v2\/pages\/188\/revisions"}],"predecessor-version":[{"id":620,"href":"https:\/\/globalconsultoriabh.com.br\/index.php?rest_route=\/wp\/v2\/pages\/188\/revisions\/620"}],"wp:attachment":[{"href":"https:\/\/globalconsultoriabh.com.br\/index.php?rest_route=%2Fwp%2Fv2%2Fmedia&parent=188"}],"curies":[{"name":"wp","href":"https:\/\/api.w.org\/{rel}","templated":true}]}}