{"id":238,"date":"2014-02-20T17:46:49","date_gmt":"2014-02-20T17:46:49","guid":{"rendered":"http:\/\/www.globalconsultoriabh.com.br\/?page_id=238"},"modified":"2014-02-28T20:50:08","modified_gmt":"2014-02-28T20:50:08","slug":"gestao-financeira-contas-a-pagar-contas-a-receber-conciliacao-bancaria","status":"publish","type":"page","link":"https:\/\/globalconsultoriabh.com.br\/?page_id=238","title":{"rendered":"Gest\u00e3o Financeira (Contas a pagar, Contas a Receber, Concilia\u00e7\u00e3o Banc\u00e1ria)"},"content":{"rendered":"<div class=\"flex_column av_one_full  flex_column_div first  \" ><p><div style='padding-bottom:10px;' class='av-special-heading av-special-heading-h3 meta-heading  '><h3 class='av-special-heading-tag'  itemprop=\"headline\"  > Gest\u00e3o Financeira (Contas a pagar, Contas a Receber, Concilia\u00e7\u00e3o Banc\u00e1ria)<\/h3><div class='special-heading-border'><div class='special-heading-inner-border' ><\/div><\/div><\/div><br \/>\n<section class=\"av_textblock_section\"  itemscope=\"itemscope\" itemtype=\"https:\/\/schema.org\/CreativeWork\" ><div class='avia_textblock '   itemprop=\"text\" ><ul>\n<li style=\"text-align: justify;\">O objetivo da gest\u00e3o financeira \u00e9 melhorar os resultados apresentados pela empresa e aumentar o valor do patrim\u00f4nio por meio da gera\u00e7\u00e3o do lucro l\u00edquido proveniente das atividades operacionais.\u00a0Organizar os registros e conferir se todos os documentos est\u00e3o sendo devidamente controlados; acompanhar as contas a pagar e a receber, montando um fluxo de pagamentos e recebimentos; controlar o movimento de caixa e os controles banc\u00e1rios; fazer previs\u00e3o de vendas e fluxo de caixa; acompanhar a evolu\u00e7\u00e3o do patrim\u00f4nio da empresa, conhecer lucratividade e rentabilidade.<\/li>\n<\/ul>\n<\/div><\/section><\/p><\/div>\t<div  class='av_promobox avia-button-yes '>\t\t<div class='avia-promocontent'><p>\nGostaria de conhecer os nossos servi\u00e7os? Vamos agendar uma reuni\u00e3o!<\/p>\n<\/div><div class='avia-button-wrap avia-button-right '><a href='https:\/\/globalconsultoriabh.com.br\/?page_id=188' class='avia-button  avia-icon_select-no avia-color-theme-color avia-size-large avia-position-right '   ><span class='avia_iconbox_title' >Agendar Reuni\u00e3o<\/span><\/a><\/div>\t<\/div><\/p>\n","protected":false},"excerpt":{"rendered":"","protected":false},"author":3,"featured_media":0,"parent":123,"menu_order":0,"comment_status":"open","ping_status":"open","template":"","meta":[],"_links":{"self":[{"href":"https:\/\/globalconsultoriabh.com.br\/index.php?rest_route=\/wp\/v2\/pages\/238"}],"collection":[{"href":"https:\/\/globalconsultoriabh.com.br\/index.php?rest_route=\/wp\/v2\/pages"}],"about":[{"href":"https:\/\/globalconsultoriabh.com.br\/index.php?rest_route=\/wp\/v2\/types\/page"}],"author":[{"embeddable":true,"href":"https:\/\/globalconsultoriabh.com.br\/index.php?rest_route=\/wp\/v2\/users\/3"}],"replies":[{"embeddable":true,"href":"https:\/\/globalconsultoriabh.com.br\/index.php?rest_route=%2Fwp%2Fv2%2Fcomments&post=238"}],"version-history":[{"count":4,"href":"https:\/\/globalconsultoriabh.com.br\/index.php?rest_route=\/wp\/v2\/pages\/238\/revisions"}],"predecessor-version":[{"id":474,"href":"https:\/\/globalconsultoriabh.com.br\/index.php?rest_route=\/wp\/v2\/pages\/238\/revisions\/474"}],"up":[{"embeddable":true,"href":"https:\/\/globalconsultoriabh.com.br\/index.php?rest_route=\/wp\/v2\/pages\/123"}],"wp:attachment":[{"href":"https:\/\/globalconsultoriabh.com.br\/index.php?rest_route=%2Fwp%2Fv2%2Fmedia&parent=238"}],"curies":[{"name":"wp","href":"https:\/\/api.w.org\/{rel}","templated":true}]}}