{"id":240,"date":"2014-02-20T17:48:11","date_gmt":"2014-02-20T17:48:11","guid":{"rendered":"http:\/\/www.globalconsultoriabh.com.br\/?page_id=240"},"modified":"2014-02-26T19:24:54","modified_gmt":"2014-02-26T19:24:54","slug":"elaboracao-de-projetos-de-viabilidade-economico-financeira","status":"publish","type":"page","link":"https:\/\/globalconsultoriabh.com.br\/?page_id=240","title":{"rendered":"Elabora\u00e7\u00e3o de projetos de viabilidade econ\u00f4mico-financeira"},"content":{"rendered":"<div class=\"flex_column av_one_full  flex_column_div first  \" ><p><div style='padding-bottom:10px;' class='av-special-heading av-special-heading-h3 meta-heading  '><h3 class='av-special-heading-tag'  itemprop=\"headline\"  >Elabora\u00e7\u00e3o de projetos de viabilidade econ\u00f4mico-financeira<\/h3><div class='special-heading-border'><div class='special-heading-inner-border' ><\/div><\/div><\/div><br \/>\n<section class=\"av_textblock_section\"  itemscope=\"itemscope\" itemtype=\"https:\/\/schema.org\/CreativeWork\" ><div class='avia_textblock '   itemprop=\"text\" ><ul style=\"text-align: justify;\">\n<li>Um estudo de Viabilidade Econ\u00f4mico-Financeira \u00e9 fundamental, quer para\u00a0projetos\u00a0relativos \u00e0\u00a0cria\u00e7\u00e3o de uma nova empresa, quer para\u00a0projetos\u00a0na perspectiva de uma\u00a0empresa j\u00e1 em atividade. Elaboramos projetos subsidiando nossos clientes no planejamento e no processo de tomadas de decis\u00f5es de investimentos, como a compra de novos equipamentos\/m\u00e1quinas, amplia\u00e7\u00e3o do parque produtivo, abertura de novos servi\u00e7os, filiais e empresas.\u00a0<b><\/b><\/li>\n<\/ul>\n<\/div><\/section><\/p><\/div>\t<div  class='av_promobox avia-button-yes '>\t\t<div class='avia-promocontent'><p>\nGostaria de conhecer os nossos servi\u00e7os? Vamos agendar uma reuni\u00e3o!<\/p>\n<\/div><div class='avia-button-wrap avia-button-right '><a href='https:\/\/globalconsultoriabh.com.br\/?page_id=188' class='avia-button  avia-icon_select-no avia-color-theme-color avia-size-large avia-position-right '   ><span class='avia_iconbox_title' >Agendar Reuni\u00e3o<\/span><\/a><\/div>\t<\/div><\/p>\n","protected":false},"excerpt":{"rendered":"","protected":false},"author":3,"featured_media":0,"parent":123,"menu_order":0,"comment_status":"open","ping_status":"open","template":"","meta":[],"_links":{"self":[{"href":"https:\/\/globalconsultoriabh.com.br\/index.php?rest_route=\/wp\/v2\/pages\/240"}],"collection":[{"href":"https:\/\/globalconsultoriabh.com.br\/index.php?rest_route=\/wp\/v2\/pages"}],"about":[{"href":"https:\/\/globalconsultoriabh.com.br\/index.php?rest_route=\/wp\/v2\/types\/page"}],"author":[{"embeddable":true,"href":"https:\/\/globalconsultoriabh.com.br\/index.php?rest_route=\/wp\/v2\/users\/3"}],"replies":[{"embeddable":true,"href":"https:\/\/globalconsultoriabh.com.br\/index.php?rest_route=%2Fwp%2Fv2%2Fcomments&post=240"}],"version-history":[{"count":3,"href":"https:\/\/globalconsultoriabh.com.br\/index.php?rest_route=\/wp\/v2\/pages\/240\/revisions"}],"predecessor-version":[{"id":426,"href":"https:\/\/globalconsultoriabh.com.br\/index.php?rest_route=\/wp\/v2\/pages\/240\/revisions\/426"}],"up":[{"embeddable":true,"href":"https:\/\/globalconsultoriabh.com.br\/index.php?rest_route=\/wp\/v2\/pages\/123"}],"wp:attachment":[{"href":"https:\/\/globalconsultoriabh.com.br\/index.php?rest_route=%2Fwp%2Fv2%2Fmedia&parent=240"}],"curies":[{"name":"wp","href":"https:\/\/api.w.org\/{rel}","templated":true}]}}