{"id":242,"date":"2014-02-20T17:49:14","date_gmt":"2014-02-20T17:49:14","guid":{"rendered":"http:\/\/www.globalconsultoriabh.com.br\/?page_id=242"},"modified":"2014-02-28T20:51:05","modified_gmt":"2014-02-28T20:51:05","slug":"auditoria-financeira-e-contabil","status":"publish","type":"page","link":"https:\/\/globalconsultoriabh.com.br\/?page_id=242","title":{"rendered":"Auditoria financeira e cont\u00e1bil"},"content":{"rendered":"<div class=\"flex_column av_one_full  flex_column_div first  \" ><p><div style='padding-bottom:10px;' class='av-special-heading av-special-heading-h3 meta-heading  '><h3 class='av-special-heading-tag'  itemprop=\"headline\"  > Auditoria financeira e cont\u00e1bil<\/h3><div class='special-heading-border'><div class='special-heading-inner-border' ><\/div><\/div><\/div><br \/>\n<section class=\"av_textblock_section\"  itemscope=\"itemscope\" itemtype=\"https:\/\/schema.org\/CreativeWork\" ><div class='avia_textblock '   itemprop=\"text\" ><ul>\n<li style=\"text-align: justify;\">A\u00a0auditoria tem a fun\u00e7\u00e3o de verificar a precis\u00e3o das informa\u00e7\u00f5es com a finalidade de combater fraudes e prevenir irregularidades dentro de uma empresa. Ela fornece\u00a0 informa\u00e7\u00f5es seguras e transparentes \u00a0e possibilita a \u00a0identifica\u00e7\u00e3o de \u00a0falhas no controle interno e no sistema financeiro da empresa. Nossa equipe examina a exatid\u00e3o das informa\u00e7\u00f5es tendo\u00a0como foco diversos aspectos da empresa\u00a0tais como administrativo, patrimonial, fiscal, t\u00e9cnico, financeiro e econ\u00f4mico.<\/li>\n<\/ul>\n<\/div><\/section><\/p><\/div>\t<div  class='av_promobox avia-button-yes '>\t\t<div class='avia-promocontent'><p>\nGostaria de conhecer os nossos servi\u00e7os? Vamos agendar uma reuni\u00e3o!<\/p>\n<\/div><div class='avia-button-wrap avia-button-right '><a href='https:\/\/globalconsultoriabh.com.br\/?page_id=188' class='avia-button  avia-icon_select-no avia-color-theme-color avia-size-large avia-position-right '   ><span class='avia_iconbox_title' >Agendar Reuni\u00e3o<\/span><\/a><\/div>\t<\/div><\/p>\n","protected":false},"excerpt":{"rendered":"","protected":false},"author":3,"featured_media":0,"parent":123,"menu_order":0,"comment_status":"open","ping_status":"open","template":"","meta":[],"_links":{"self":[{"href":"https:\/\/globalconsultoriabh.com.br\/index.php?rest_route=\/wp\/v2\/pages\/242"}],"collection":[{"href":"https:\/\/globalconsultoriabh.com.br\/index.php?rest_route=\/wp\/v2\/pages"}],"about":[{"href":"https:\/\/globalconsultoriabh.com.br\/index.php?rest_route=\/wp\/v2\/types\/page"}],"author":[{"embeddable":true,"href":"https:\/\/globalconsultoriabh.com.br\/index.php?rest_route=\/wp\/v2\/users\/3"}],"replies":[{"embeddable":true,"href":"https:\/\/globalconsultoriabh.com.br\/index.php?rest_route=%2Fwp%2Fv2%2Fcomments&post=242"}],"version-history":[{"count":4,"href":"https:\/\/globalconsultoriabh.com.br\/index.php?rest_route=\/wp\/v2\/pages\/242\/revisions"}],"predecessor-version":[{"id":475,"href":"https:\/\/globalconsultoriabh.com.br\/index.php?rest_route=\/wp\/v2\/pages\/242\/revisions\/475"}],"up":[{"embeddable":true,"href":"https:\/\/globalconsultoriabh.com.br\/index.php?rest_route=\/wp\/v2\/pages\/123"}],"wp:attachment":[{"href":"https:\/\/globalconsultoriabh.com.br\/index.php?rest_route=%2Fwp%2Fv2%2Fmedia&parent=242"}],"curies":[{"name":"wp","href":"https:\/\/api.w.org\/{rel}","templated":true}]}}