{"id":244,"date":"2014-02-20T17:49:44","date_gmt":"2014-02-20T17:49:44","guid":{"rendered":"http:\/\/www.globalconsultoriabh.com.br\/?page_id=244"},"modified":"2014-02-28T20:53:11","modified_gmt":"2014-02-28T20:53:11","slug":"gestao-de-custos-e-preco-de-venda","status":"publish","type":"page","link":"https:\/\/globalconsultoriabh.com.br\/?page_id=244","title":{"rendered":"Gest\u00e3o de custos e Pre\u00e7o de Venda"},"content":{"rendered":"<div class=\"flex_column av_one_full  flex_column_div first  \" ><p><div style='padding-bottom:10px;' class='av-special-heading av-special-heading-h3 meta-heading  '><h3 class='av-special-heading-tag'  itemprop=\"headline\"  >Gest\u00e3o de custos e Pre\u00e7o de Venda<\/h3><div class='special-heading-border'><div class='special-heading-inner-border' ><\/div><\/div><\/div><br \/>\n<section class=\"av_textblock_section\"  itemscope=\"itemscope\" itemtype=\"https:\/\/schema.org\/CreativeWork\" ><div class='avia_textblock '   itemprop=\"text\" ><ul>\n<li style=\"text-align: justify;\">Em um mercado cada vez mais competitivo \u00e9 preciso que a empresa disponha e pratique m\u00e9todos adequados para a forma\u00e7\u00e3o do pre\u00e7o de venda como suporte fundamental para a tomada de decis\u00f5es que busquem, por um lado, maximizar o seu valor, e de outro, assegurar a realiza\u00e7\u00e3o das expectativas dos propriet\u00e1rios. A defini\u00e7\u00e3o do pre\u00e7o de venda deve levar em conta fatores financeiros e mercadol\u00f3gicos. <b><\/b><\/li>\n<\/ul>\n<\/div><\/section><\/p><\/div>\t<div  class='av_promobox avia-button-yes '>\t\t<div class='avia-promocontent'><p>\nGostaria de conhecer os nossos servi\u00e7os? Vamos agendar uma reuni\u00e3o!<\/p>\n<\/div><div class='avia-button-wrap avia-button-right '><a href='https:\/\/globalconsultoriabh.com.br\/?page_id=188' class='avia-button  avia-icon_select-no avia-color-theme-color avia-size-large avia-position-right '   ><span class='avia_iconbox_title' >Agendar Reuni\u00e3o<\/span><\/a><\/div>\t<\/div><\/p>\n","protected":false},"excerpt":{"rendered":"","protected":false},"author":3,"featured_media":0,"parent":123,"menu_order":0,"comment_status":"open","ping_status":"open","template":"","meta":[],"_links":{"self":[{"href":"https:\/\/globalconsultoriabh.com.br\/index.php?rest_route=\/wp\/v2\/pages\/244"}],"collection":[{"href":"https:\/\/globalconsultoriabh.com.br\/index.php?rest_route=\/wp\/v2\/pages"}],"about":[{"href":"https:\/\/globalconsultoriabh.com.br\/index.php?rest_route=\/wp\/v2\/types\/page"}],"author":[{"embeddable":true,"href":"https:\/\/globalconsultoriabh.com.br\/index.php?rest_route=\/wp\/v2\/users\/3"}],"replies":[{"embeddable":true,"href":"https:\/\/globalconsultoriabh.com.br\/index.php?rest_route=%2Fwp%2Fv2%2Fcomments&post=244"}],"version-history":[{"count":4,"href":"https:\/\/globalconsultoriabh.com.br\/index.php?rest_route=\/wp\/v2\/pages\/244\/revisions"}],"predecessor-version":[{"id":476,"href":"https:\/\/globalconsultoriabh.com.br\/index.php?rest_route=\/wp\/v2\/pages\/244\/revisions\/476"}],"up":[{"embeddable":true,"href":"https:\/\/globalconsultoriabh.com.br\/index.php?rest_route=\/wp\/v2\/pages\/123"}],"wp:attachment":[{"href":"https:\/\/globalconsultoriabh.com.br\/index.php?rest_route=%2Fwp%2Fv2%2Fmedia&parent=244"}],"curies":[{"name":"wp","href":"https:\/\/api.w.org\/{rel}","templated":true}]}}