{"id":250,"date":"2014-02-20T17:53:46","date_gmt":"2014-02-20T17:53:46","guid":{"rendered":"http:\/\/www.globalconsultoriabh.com.br\/?page_id=250"},"modified":"2014-02-26T19:25:33","modified_gmt":"2014-02-26T19:25:33","slug":"recrutamento-e-selecao-de-mao-de-obra-especializada","status":"publish","type":"page","link":"https:\/\/globalconsultoriabh.com.br\/?page_id=250","title":{"rendered":"Recrutamento e sele\u00e7\u00e3o de m\u00e3o-de-obra especializada"},"content":{"rendered":"<div class=\"flex_column av_one_full  flex_column_div first  \" ><p><div style='padding-bottom:10px;' class='av-special-heading av-special-heading-h3 meta-heading  '><h3 class='av-special-heading-tag'  itemprop=\"headline\"  >Recrutamento e Sele\u00e7\u00e3o de M\u00e3o-de-obra Especializada<\/h3><div class='special-heading-border'><div class='special-heading-inner-border' ><\/div><\/div><\/div><br \/>\n<section class=\"av_textblock_section\"  itemscope=\"itemscope\" itemtype=\"https:\/\/schema.org\/CreativeWork\" ><div class='avia_textblock '   itemprop=\"text\" ><ul style=\"text-align: justify;\">\n<li>A maior contribui\u00e7\u00e3o que um profissional de recursos humanos pode dar a sua organiza\u00e7\u00e3o \u00e9 selecionar corretamente um novo colaborador. Do contr\u00e1rio, isto pode acarretar um desgaste e um preju\u00edzo incalcul\u00e1vel \u00e0 organiza\u00e7\u00e3o. A Global Consultoria realiza o recrutamento atrav\u00e9s da sele\u00e7\u00e3o por compet\u00eancias ou seja, busca em nosso quadro de colaboradores pessoas capazes de desempenhar determinadas atividades com efic\u00e1cia.<\/li>\n<\/ul>\n<\/div><\/section><\/p><\/div>\t<div  class='av_promobox avia-button-yes '>\t\t<div class='avia-promocontent'><p>\nGostaria de conhecer os nossos servi\u00e7os? Vamos agendar uma reuni\u00e3o!<\/p>\n<\/div><div class='avia-button-wrap avia-button-right '><a href='https:\/\/globalconsultoriabh.com.br\/?page_id=188' class='avia-button  avia-icon_select-no avia-color-theme-color avia-size-large avia-position-right '   ><span class='avia_iconbox_title' >Agendar Reuni\u00e3o<\/span><\/a><\/div>\t<\/div><\/p>\n","protected":false},"excerpt":{"rendered":"","protected":false},"author":3,"featured_media":0,"parent":123,"menu_order":0,"comment_status":"open","ping_status":"open","template":"","meta":[],"_links":{"self":[{"href":"https:\/\/globalconsultoriabh.com.br\/index.php?rest_route=\/wp\/v2\/pages\/250"}],"collection":[{"href":"https:\/\/globalconsultoriabh.com.br\/index.php?rest_route=\/wp\/v2\/pages"}],"about":[{"href":"https:\/\/globalconsultoriabh.com.br\/index.php?rest_route=\/wp\/v2\/types\/page"}],"author":[{"embeddable":true,"href":"https:\/\/globalconsultoriabh.com.br\/index.php?rest_route=\/wp\/v2\/users\/3"}],"replies":[{"embeddable":true,"href":"https:\/\/globalconsultoriabh.com.br\/index.php?rest_route=%2Fwp%2Fv2%2Fcomments&post=250"}],"version-history":[{"count":3,"href":"https:\/\/globalconsultoriabh.com.br\/index.php?rest_route=\/wp\/v2\/pages\/250\/revisions"}],"predecessor-version":[{"id":429,"href":"https:\/\/globalconsultoriabh.com.br\/index.php?rest_route=\/wp\/v2\/pages\/250\/revisions\/429"}],"up":[{"embeddable":true,"href":"https:\/\/globalconsultoriabh.com.br\/index.php?rest_route=\/wp\/v2\/pages\/123"}],"wp:attachment":[{"href":"https:\/\/globalconsultoriabh.com.br\/index.php?rest_route=%2Fwp%2Fv2%2Fmedia&parent=250"}],"curies":[{"name":"wp","href":"https:\/\/api.w.org\/{rel}","templated":true}]}}