{"id":254,"date":"2014-02-20T17:56:04","date_gmt":"2014-02-20T17:56:04","guid":{"rendered":"http:\/\/www.globalconsultoriabh.com.br\/?page_id=254"},"modified":"2014-02-28T20:47:26","modified_gmt":"2014-02-28T20:47:26","slug":"pesquisa-de-satisfacao","status":"publish","type":"page","link":"https:\/\/globalconsultoriabh.com.br\/?page_id=254","title":{"rendered":"Pesquisa de Satisfa\u00e7\u00e3o"},"content":{"rendered":"<div class=\"flex_column av_one_full  flex_column_div first  \" ><p><div style='padding-bottom:10px;' class='av-special-heading av-special-heading-h3 meta-heading  '><h3 class='av-special-heading-tag'  itemprop=\"headline\"  >Pesquisa de Satisfa\u00e7\u00e3o<\/h3><div class='special-heading-border'><div class='special-heading-inner-border' ><\/div><\/div><\/div><br \/>\n<section class=\"av_textblock_section\"  itemscope=\"itemscope\" itemtype=\"https:\/\/schema.org\/CreativeWork\" ><div class='avia_textblock '   itemprop=\"text\" ><ul style=\"text-align: justify;\">\n<li>Atrav\u00e9s da pesquisa de satisfa\u00e7\u00e3o \u00e9 poss\u00edvel mensurar o que os clientes est\u00e3o pensando, sentindo e o quanto est\u00e3o aprovando os produtos e servi\u00e7os da sua empresa. \u00c9 um sistema de administra\u00e7\u00e3o de informa\u00e7\u00f5es que continuamente capta a voz do cliente, atrav\u00e9s da avalia\u00e7\u00e3o da performance da empresa a partir do ponto de vista do cliente. Esta pesquisa, assim, mede a qualidade externa ou performance da empresa em seus neg\u00f3cios, indicando caminhos para as decis\u00f5es futuras de comercializa\u00e7\u00e3o e marketing.<\/li>\n<\/ul>\n<\/div><\/section><\/p><\/div>\t<div  class='av_promobox avia-button-yes '>\t\t<div class='avia-promocontent'><p>\nGostaria de conhecer os nossos servi\u00e7os? Vamos agendar uma reuni\u00e3o!<\/p>\n<\/div><div class='avia-button-wrap avia-button-right '><a href='https:\/\/globalconsultoriabh.com.br\/?page_id=188' class='avia-button  avia-icon_select-no avia-color-theme-color avia-size-large avia-position-right '   ><span class='avia_iconbox_title' >Agendar Reuni\u00e3o<\/span><\/a><\/div>\t<\/div><\/p>\n","protected":false},"excerpt":{"rendered":"","protected":false},"author":3,"featured_media":0,"parent":121,"menu_order":0,"comment_status":"open","ping_status":"open","template":"","meta":[],"_links":{"self":[{"href":"https:\/\/globalconsultoriabh.com.br\/index.php?rest_route=\/wp\/v2\/pages\/254"}],"collection":[{"href":"https:\/\/globalconsultoriabh.com.br\/index.php?rest_route=\/wp\/v2\/pages"}],"about":[{"href":"https:\/\/globalconsultoriabh.com.br\/index.php?rest_route=\/wp\/v2\/types\/page"}],"author":[{"embeddable":true,"href":"https:\/\/globalconsultoriabh.com.br\/index.php?rest_route=\/wp\/v2\/users\/3"}],"replies":[{"embeddable":true,"href":"https:\/\/globalconsultoriabh.com.br\/index.php?rest_route=%2Fwp%2Fv2%2Fcomments&post=254"}],"version-history":[{"count":4,"href":"https:\/\/globalconsultoriabh.com.br\/index.php?rest_route=\/wp\/v2\/pages\/254\/revisions"}],"predecessor-version":[{"id":473,"href":"https:\/\/globalconsultoriabh.com.br\/index.php?rest_route=\/wp\/v2\/pages\/254\/revisions\/473"}],"up":[{"embeddable":true,"href":"https:\/\/globalconsultoriabh.com.br\/index.php?rest_route=\/wp\/v2\/pages\/121"}],"wp:attachment":[{"href":"https:\/\/globalconsultoriabh.com.br\/index.php?rest_route=%2Fwp%2Fv2%2Fmedia&parent=254"}],"curies":[{"name":"wp","href":"https:\/\/api.w.org\/{rel}","templated":true}]}}