{"id":260,"date":"2014-02-20T18:02:43","date_gmt":"2014-02-20T18:02:43","guid":{"rendered":"http:\/\/www.globalconsultoriabh.com.br\/?page_id=260"},"modified":"2014-02-26T19:31:29","modified_gmt":"2014-02-26T19:31:29","slug":"avaliacao-de-desempenho","status":"publish","type":"page","link":"https:\/\/globalconsultoriabh.com.br\/?page_id=260","title":{"rendered":"Avalia\u00e7\u00e3o de Desempenho"},"content":{"rendered":"<div class=\"flex_column av_one_full  flex_column_div first  \" ><p><div style='padding-bottom:10px;' class='av-special-heading av-special-heading-h3 meta-heading  '><h3 class='av-special-heading-tag'  itemprop=\"headline\"  >Avalia\u00e7\u00e3o de Desempenho<\/h3><div class='special-heading-border'><div class='special-heading-inner-border' ><\/div><\/div><\/div><br \/>\n<section class=\"av_textblock_section\"  itemscope=\"itemscope\" itemtype=\"https:\/\/schema.org\/CreativeWork\" ><div class='avia_textblock '   itemprop=\"text\" ><ul style=\"text-align: justify;\">\n<li>A avalia\u00e7\u00e3o de desempenho \u00e9 uma ferramenta muito importante no universo organizacional, pois atrav\u00e9s dela, o funcion\u00e1rio tem a oportunidade de ver a forma pela qual o seu superior vem enxergando seu trabalho e de como ele est\u00e1 sendo analisado pelo seu superior. Al\u00e9m disso, a empresa consegue ajustar o perfil do funcion\u00e1rio ao local de trabalho que ele mais se identifica; indica se o funcion\u00e1rio tem as qualifica\u00e7\u00f5es exigidas pelo cargo; indica o funcion\u00e1rio com potencial para promo\u00e7\u00f5es; gera motiva\u00e7\u00e3o e satisfa\u00e7\u00e3o no trabalho, dentre outros.<b><\/b><\/li>\n<\/ul>\n<\/div><\/section><\/p><\/div>\t<div  class='av_promobox avia-button-yes '>\t\t<div class='avia-promocontent'><p>\nGostaria de conhecer os nossos servi\u00e7os? Vamos agendar uma reuni\u00e3o!<\/p>\n<\/div><div class='avia-button-wrap avia-button-right '><a href='https:\/\/globalconsultoriabh.com.br\/?page_id=188' class='avia-button  avia-icon_select-no avia-color-theme-color avia-size-large avia-position-right '   ><span class='avia_iconbox_title' >Agendar Reuni\u00e3o<\/span><\/a><\/div>\t<\/div><\/p>\n","protected":false},"excerpt":{"rendered":"","protected":false},"author":3,"featured_media":0,"parent":119,"menu_order":0,"comment_status":"open","ping_status":"open","template":"","meta":[],"_links":{"self":[{"href":"https:\/\/globalconsultoriabh.com.br\/index.php?rest_route=\/wp\/v2\/pages\/260"}],"collection":[{"href":"https:\/\/globalconsultoriabh.com.br\/index.php?rest_route=\/wp\/v2\/pages"}],"about":[{"href":"https:\/\/globalconsultoriabh.com.br\/index.php?rest_route=\/wp\/v2\/types\/page"}],"author":[{"embeddable":true,"href":"https:\/\/globalconsultoriabh.com.br\/index.php?rest_route=\/wp\/v2\/users\/3"}],"replies":[{"embeddable":true,"href":"https:\/\/globalconsultoriabh.com.br\/index.php?rest_route=%2Fwp%2Fv2%2Fcomments&post=260"}],"version-history":[{"count":3,"href":"https:\/\/globalconsultoriabh.com.br\/index.php?rest_route=\/wp\/v2\/pages\/260\/revisions"}],"predecessor-version":[{"id":448,"href":"https:\/\/globalconsultoriabh.com.br\/index.php?rest_route=\/wp\/v2\/pages\/260\/revisions\/448"}],"up":[{"embeddable":true,"href":"https:\/\/globalconsultoriabh.com.br\/index.php?rest_route=\/wp\/v2\/pages\/119"}],"wp:attachment":[{"href":"https:\/\/globalconsultoriabh.com.br\/index.php?rest_route=%2Fwp%2Fv2%2Fmedia&parent=260"}],"curies":[{"name":"wp","href":"https:\/\/api.w.org\/{rel}","templated":true}]}}