{"id":37,"date":"2014-02-17T18:47:21","date_gmt":"2014-02-17T18:47:21","guid":{"rendered":"http:\/\/www.globalconsultoriabh.com.br\/?page_id=37"},"modified":"2023-03-30T10:18:53","modified_gmt":"2023-03-30T10:18:53","slug":"home","status":"publish","type":"page","link":"https:\/\/globalconsultoriabh.com.br\/","title":{"rendered":"Home"},"content":{"rendered":"<div id='layer_slider_1' class='avia-layerslider main_color avia-shadow  container_wrap sidebar_right'    style='height: 301px;' ><\/div>\n<\/div><\/div><\/div><!-- close content main div --><\/div><\/div><div id='av_section_1' class='avia-section main_color avia-section-default avia-no-shadow avia-bg-style-scroll  container_wrap sidebar_right'   ><div class='container' ><div class='template-page content  av-content-small alpha units'><div class='post-entry post-entry-type-page post-entry-37'><div class='entry-content-wrapper clearfix'>\n<div class=\"flex_column av_one_fourth  flex_column_div first  \" ><p><div class='avia-image-container avia_animated_image avia_animate_when_almost_visible bottom-to-top av-styling-   avia-align-center '  itemscope=\"itemscope\" itemtype=\"https:\/\/schema.org\/ImageObject\"  ><div class='avia-image-container-inner'><a href='https:\/\/globalconsultoriabh.com.br\/?page_id=116' class='avia_image'  ><img class='avia_image ' src='http:\/\/www.globalconsultoriabh.com.br\/wp-content\/uploads\/2014\/02\/img_planejamento.jpg' alt='' title='img_planejamento'  itemprop=\"contentURL\"  \/><\/a><\/div><\/div><br \/>\n<section class=\"av_textblock_section\"  itemscope=\"itemscope\" itemtype=\"https:\/\/schema.org\/CreativeWork\" ><div class='avia_textblock '   itemprop=\"text\" ><p><a title=\"Planejamento e Gest\u00e3o\" href=\"http:\/\/www.globalconsultoriabh.com.br\/servicos\/planejamento-e-gestao\/\"><strong>Planejamento e Gest\u00e3o<\/strong><\/a><\/p>\n<p>O planejamento consiste em uma importante tarefa de\u00a0 gest\u00e3o e est\u00e1 relacionada com a\u00a0prepara\u00e7\u00e3o, organiza\u00e7\u00e3o e estrutura\u00e7\u00e3o &#8230;<\/p>\n<p style=\"text-align: left;\"><span style=\"text-decoration: underline;\"><a title=\"Planejamento e Gest\u00e3o\" href=\"https:\/\/globalconsultoriabh.com.br\/?page_id=116\">Leia Mais<\/a><\/span><\/p>\n<\/div><\/section><\/p><\/div><div class=\"flex_column av_one_fourth  flex_column_div av-zero-column-padding   \" style='border-radius:0px; '><p><div class='avia-image-container avia_animated_image avia_animate_when_almost_visible bottom-to-top av-styling-   avia-align-center '  itemscope=\"itemscope\" itemtype=\"https:\/\/schema.org\/ImageObject\"  ><div class='avia-image-container-inner'><a href='https:\/\/globalconsultoriabh.com.br\/?page_id=123' class='avia_image'  ><img class='avia_image ' src='http:\/\/www.globalconsultoriabh.com.br\/wp-content\/uploads\/2014\/02\/custos.jpg' alt='' title='custos'  itemprop=\"contentURL\"  \/><\/a><\/div><\/div><br \/>\n<section class=\"av_textblock_section\"  itemscope=\"itemscope\" itemtype=\"https:\/\/schema.org\/CreativeWork\" ><div class='avia_textblock '   itemprop=\"text\" ><p><a title=\"Finan\u00e7as\" href=\"http:\/\/www.globalconsultoriabh.com.br\/servicos\/financas\/\"><strong>Finan\u00e7as<\/strong><\/a><\/p>\n<p>As mudan\u00e7as percebidas pelas organiza\u00e7\u00f5es acontecem cada vez mais rapidamente e a globaliza\u00e7\u00e3o as obriga a competir &#8230;<\/p>\n<p style=\"text-align: left;\"><span style=\"text-decoration: underline;\"><a title=\"Finan\u00e7as\" href=\"https:\/\/globalconsultoriabh.com.br\/?page_id=123\">Leia Mais<\/a><\/span><\/p>\n<\/div><\/section><\/p><\/div><div class=\"flex_column av_one_fourth  flex_column_div av-zero-column-padding   \" style='border-radius:0px; '><p><div class='avia-image-container avia_animated_image avia_animate_when_almost_visible bottom-to-top av-styling-   avia-align-center '  itemscope=\"itemscope\" itemtype=\"https:\/\/schema.org\/ImageObject\"  ><div class='avia-image-container-inner'><a href='https:\/\/globalconsultoriabh.com.br\/?page_id=121' class='avia_image'  ><img class='avia_image ' src='http:\/\/www.globalconsultoriabh.com.br\/wp-content\/uploads\/2014\/02\/marketing-300x168.jpg' alt='' title='marketing'  itemprop=\"contentURL\"  \/><\/a><\/div><\/div><br \/>\n<section class=\"av_textblock_section\"  itemscope=\"itemscope\" itemtype=\"https:\/\/schema.org\/CreativeWork\" ><div class='avia_textblock '   itemprop=\"text\" ><p><a title=\"Marketing\" href=\"http:\/\/www.globalconsultoriabh.com.br\/servicos\/marketing\/\"><strong>Marketing<\/strong><\/a><\/p>\n<p>\u00c9 uma fun\u00e7\u00e3o organizacional e um conjunto de processos que envolvem a cria\u00e7\u00e3o, a comunica\u00e7\u00e3o para os clientes &#8230;<\/p>\n<p style=\"text-align: left;\"><span style=\"text-decoration: underline;\"><a title=\"Marketing\" href=\"https:\/\/globalconsultoriabh.com.br\/?page_id=121\">Leia Mais<\/a><\/span><\/p>\n<\/div><\/section><\/p><\/div><div class=\"flex_column av_one_fourth  flex_column_div av-zero-column-padding   \" style='border-radius:0px; '><p><div class='avia-image-container avia_animated_image avia_animate_when_almost_visible bottom-to-top av-styling-   avia-align-center '  itemscope=\"itemscope\" itemtype=\"https:\/\/schema.org\/ImageObject\"  ><div class='avia-image-container-inner'><a href='https:\/\/globalconsultoriabh.com.br\/?page_id=119' class='avia_image'  ><img class='avia_image ' src='http:\/\/www.globalconsultoriabh.com.br\/wp-content\/uploads\/2014\/02\/auditoria.jpg' alt='' title='auditoria'  itemprop=\"contentURL\"  \/><\/a><\/div><\/div><br \/>\n<section class=\"av_textblock_section\"  itemscope=\"itemscope\" itemtype=\"https:\/\/schema.org\/CreativeWork\" ><div class='avia_textblock '   itemprop=\"text\" ><p><a title=\"Recursos Humanos\" href=\"http:\/\/www.globalconsultoriabh.com.br\/servicos\/recursos-humanos\/\"><strong>Recursos Humanos<\/strong><\/a><\/p>\n<p style=\"text-align: justify;\">J\u00e1 faz algum tempo que a \u00e1rea de Recursos Humanos passou de um simples departamento de pessoal para um agente &#8230;<\/p>\n<p style=\"text-align: left;\"><span style=\"text-decoration: underline;\"><a title=\"Recursos Humanos\" href=\"https:\/\/globalconsultoriabh.com.br\/?page_id=119\">Leia Mais<\/a><\/span><\/p>\n<\/div><\/section><\/p><\/div><\/div><\/div><\/div><!-- close content main div --><\/div><\/div><div id='after_section_1' class='main_color av_default_container_wrap container_wrap sidebar_right'   ><div class='container' ><div class='template-page content  av-content-small alpha units'><div class='post-entry post-entry-type-page post-entry-37'><div class='entry-content-wrapper clearfix'><\/div><\/div><\/div><!-- close content main div --><\/div><\/div><div id='bg_reuniao' class='avia-section main_color avia-section-small avia-no-shadow avia-bg-style-scroll  container_wrap sidebar_right' style = 'background-repeat: no-repeat; background-image: url(http:\/\/www.globalconsultoriabh.com.br\/wp-content\/uploads\/2014\/02\/grow.jpg); background-attachment: scroll; background-position: top left; ' data-section-bg-repeat='no-repeat' ><div class='container' ><div class='template-page content  av-content-small alpha units'><div class='post-entry post-entry-type-page post-entry-37'><div class='entry-content-wrapper clearfix'>\n<div class=\"flex_column av_one_half  flex_column_div first  \" ><div  class='av_promobox avia-button-yes '>\t\t<div class='avia-promocontent'><p>\nGostaria de conhecer os nossos servi\u00e7os? Vamos agendar uma reuni\u00e3o!<\/p>\n<\/div><div class='avia-button-wrap avia-button-right '><a href='https:\/\/globalconsultoriabh.com.br\/?page_id=188' class='avia-button  avia-icon_select-no avia-color-theme-color avia-size-large avia-position-right '   ><span class='avia_iconbox_title' >Agendar Reuni\u00e3o<\/span><\/a><\/div>\t<\/div><\/div>\n<\/div><\/div><\/div><!-- close content main div --><\/div><\/div><div id='after_section_2' class='main_color av_default_container_wrap container_wrap sidebar_right'   ><div class='container' ><div class='template-page content  av-content-small alpha units'><div class='post-entry post-entry-type-page post-entry-37'><div class='entry-content-wrapper clearfix'><\/p>\n<\/div><\/div><\/div><!-- close content main div --><\/div><\/div><div id='av_section_3' class='avia-section main_color avia-section-default avia-no-shadow avia-bg-style-scroll  container_wrap sidebar_right'   ><div class='container' ><div class='template-page content  av-content-small alpha units'><div class='post-entry post-entry-type-page post-entry-37'><div class='entry-content-wrapper clearfix'>\n<div class=\"flex_column av_two_third  flex_column_div first  \" ><p><div style='padding-bottom:10px;' class='av-special-heading av-special-heading-h3 meta-heading  '><h3 class='av-special-heading-tag'  itemprop=\"headline\"  >Artigos<\/h3><div class='special-heading-border'><div class='special-heading-inner-border' ><\/div><\/div><\/div><br \/>\n<div  data-autoplay=''  data-interval='5'  data-animation='fade'  data-show_slide_delay='90'  class='avia-content-slider avia-content-grid-active avia-content-slider1 avia-content-slider-even '  itemscope=\"itemscope\" itemtype=\"https:\/\/schema.org\/Blog\" ><div class='avia-content-slider-inner'><div class='slide-entry-wrap'><article class='slide-entry flex_column  post-entry post-entry-411 slide-entry-overview slide-loop-1 slide-parity-odd  post-entry-last  av_one_half first real-thumbnail'  itemscope=\"itemscope\" itemtype=\"https:\/\/schema.org\/BlogPosting\" itemprop=\"blogPost\" ><a href='https:\/\/globalconsultoriabh.com.br\/?p=411' data-rel='slide-1' class='slide-image' title=''><img width=\"250\" height=\"168\" src=\"https:\/\/globalconsultoriabh.com.br\/wp-content\/uploads\/2014\/02\/magem-de-lucro02.png\" class=\"attachment-portfolio size-portfolio wp-post-image\" alt=\"\" loading=\"lazy\" \/><\/a><div class='slide-content'><header class=\"entry-content-header\"><span class=\"blog-categories minor-meta\"><a href=\"https:\/\/globalconsultoriabh.com.br\/?cat=1\" rel=\"tag\">Sem categoria<\/a> <\/span><h3 class='slide-entry-title entry-title'  itemprop=\"headline\" ><a href='https:\/\/globalconsultoriabh.com.br\/?p=411' title='A Administra\u00e7\u00e3o Financeira'>A Administra\u00e7\u00e3o Financeira<\/a><\/h3><span class=\"av-vertical-delimiter\"><\/span><\/header><div class='slide-meta'><time class='slide-meta-time updated'  itemprop=\"datePublished\" datetime=\"2014-02-25T16:54:19+00:00\" >25 de fevereiro de 2014<\/time><\/div><div class='slide-entry-excerpt entry-content'  itemprop=\"text\" >O mercado est\u00e1 cada vez mais competitivo e isto exige uma melhor\u2026<\/div><\/div><footer class=\"entry-footer\"><\/footer><span class='hidden'>\n\t\t\t<span class='av-structured-data'  itemscope=\"itemscope\" itemtype=\"https:\/\/schema.org\/ImageObject\"  itemprop='image'>\n\t\t\t\t\t   <span itemprop='url' >https:\/\/globalconsultoriabh.com.br\/wp-content\/uploads\/2014\/02\/magem-de-lucro02.png<\/span>\n\t\t\t\t\t   <span itemprop='height' >168<\/span>\n\t\t\t\t\t   <span itemprop='width' >250<\/span>\n\t\t\t\t  <\/span><span class='av-structured-data'  itemprop=\"publisher\" itemtype=\"https:\/\/schema.org\/Organization\" itemscope=\"itemscope\" >\n\t\t\t\t<span itemprop='name'>Adilson Araujo<\/span>\n\t\t\t\t<span itemprop='logo' itemscope itemtype='http:\/\/schema.org\/ImageObject'>\n\t\t\t\t   <span itemprop='url'>http:\/\/www.globalconsultoriabh.com.br\/wp-content\/uploads\/2014\/02\/logo_global_menor.png<\/span>\n\t\t\t\t <\/span>\n\t\t\t  <\/span><span class='av-structured-data'  itemprop=\"author\" itemscope=\"itemscope\" itemtype=\"https:\/\/schema.org\/Person\" ><span itemprop='name'>Adilson Araujo<\/span><\/span><span class='av-structured-data'  itemprop=\"datePublished\" datetime=\"2014-02-25T16:54:19+00:00\" >2014-02-25 16:54:19<\/span><span class='av-structured-data'  itemprop=\"dateModified\" itemtype=\"https:\/\/schema.org\/dateModified\" >2017-10-30 11:04:39<\/span><span class='av-structured-data'  itemprop=\"mainEntityOfPage\" itemtype=\"https:\/\/schema.org\/mainEntityOfPage\" ><span itemprop='name'>A Administra\u00e7\u00e3o Financeira<\/span><\/span><\/span><\/article><\/div><\/div><\/div><\/p><\/div><div class=\"flex_column av_one_third  flex_column_div   \" ><p><div style='padding-bottom:10px;' class='av-special-heading av-special-heading-h3 meta-heading  '><h3 class='av-special-heading-tag'  itemprop=\"headline\"  >Depoimentos<\/h3><div class='special-heading-border'><div class='special-heading-inner-border' ><\/div><\/div><\/div><br \/>\n<div  data-autoplay='1'  data-interval='5'  data-animation='fade'  data-hoverpause='1'  class='avia-testimonial-wrapper avia-slider-testimonials avia-slider-2-testimonials avia_animate_when_almost_visible '>\n<section class ='avia-testimonial-row'><div class='avia-testimonial av_one_half flex_column no_margin avia-testimonial-row-1 avia-first-testimonial'  itemscope=\"itemscope\" itemtype=\"https:\/\/schema.org\/Person\" ><div class='avia-testimonial_inner'><div class='avia-testimonial-content '    itemscope=\"itemscope\" itemtype=\"https:\/\/schema.org\/BlogPosting\" itemprop=\"blogPost\" ><p style=\"text-align: justify;\">A metodologia de trabalho me impressionou. A transpar\u00eancia, habilidade e t\u00e9cnica na sele\u00e7\u00e3o dos melhores profissionais para minha empresa tem sido um diferencial que s\u00f3 tenho a elogiar e agradecer. Parab\u00e9ns!!!<\/p>\n<\/div><div class='avia-testimonial-meta'><div class='avia-testimonial-arrow-wrap'><div class='avia-arrow'><\/div><\/div><div class='avia-testimonial-image'  itemprop=\"image\" ><img width=\"180\" height=\"180\" src=\"https:\/\/globalconsultoriabh.com.br\/wp-content\/uploads\/2014\/02\/logosite_pes-180x180.png\" class=\"attachment-square size-square\" alt=\"Robert\" loading=\"lazy\" srcset=\"https:\/\/globalconsultoriabh.com.br\/wp-content\/uploads\/2014\/02\/logosite_pes-180x180.png 180w, https:\/\/globalconsultoriabh.com.br\/wp-content\/uploads\/2014\/02\/logosite_pes-80x80.png 80w, https:\/\/globalconsultoriabh.com.br\/wp-content\/uploads\/2014\/02\/logosite_pes-36x36.png 36w, https:\/\/globalconsultoriabh.com.br\/wp-content\/uploads\/2014\/02\/logosite_pes-120x120.png 120w\" sizes=\"(max-width: 180px) 100vw, 180px\" \/><\/div><div class='avia-testimonial-meta-mini'><strong  class='avia-testimonial-name'    itemprop=\"name\" >Robert<\/strong><span class='hidden avia-testimonial-markup-link'   itemprop=\"url\" >http:\/\/pesonline.com.br\/login.php<\/span> &ndash; <a class='aviablank avia-testimonial-link' href='http:\/\/pesonline.com.br\/login.php' >PES - Online<\/a><\/div><\/div><\/div><\/div>\n<div class='avia-testimonial av_one_half flex_column no_margin avia-testimonial-row-1 '  itemscope=\"itemscope\" itemtype=\"https:\/\/schema.org\/Person\" ><div class='avia-testimonial_inner'><div class='avia-testimonial-content '    itemscope=\"itemscope\" itemtype=\"https:\/\/schema.org\/BlogPosting\" itemprop=\"blogPost\" ><p style=\"text-align: justify;\">Quero parabenizar toda a equipe da Global Consultoria pelo excelente trabalho realizado conosco durante todo o projeto de certifica\u00e7\u00e3o. Seja pela prontid\u00e3o no atendimento \u00e0s novas necessidades que surgiram, pela excelente postura, pelo profissionalismo e pela compet\u00eancia. Voc\u00eas possuem uma excelente equipe e adquiriram maturidade em todos os aspectos envolvendo este tipo de trabalho<\/p>\n<\/div><div class='avia-testimonial-meta'><div class='avia-testimonial-arrow-wrap'><div class='avia-arrow'><\/div><\/div><div class='avia-testimonial-image'  itemprop=\"image\" ><img width=\"100\" height=\"100\" src=\"https:\/\/globalconsultoriabh.com.br\/wp-content\/uploads\/2014\/02\/cliente_vendesites.jpg\" class=\"attachment-square size-square\" alt=\"Adilson Araujo\" loading=\"lazy\" srcset=\"https:\/\/globalconsultoriabh.com.br\/wp-content\/uploads\/2014\/02\/cliente_vendesites.jpg 100w, https:\/\/globalconsultoriabh.com.br\/wp-content\/uploads\/2014\/02\/cliente_vendesites-80x80.jpg 80w, https:\/\/globalconsultoriabh.com.br\/wp-content\/uploads\/2014\/02\/cliente_vendesites-36x36.jpg 36w\" sizes=\"(max-width: 100px) 100vw, 100px\" \/><\/div><div class='avia-testimonial-meta-mini'><strong  class='avia-testimonial-name'    itemprop=\"name\" >Adilson Araujo<\/strong><span class='hidden avia-testimonial-markup-link'   itemprop=\"url\" >http:\/\/vendesites.com.br<\/span> &ndash; <a class='aviablank avia-testimonial-link' href='http:\/\/vendesites.com.br' >Vende Sites<\/a><\/div><\/div><\/div><\/div>\n<\/section><\/div><\/p><\/div>\n<\/div><\/div><\/div><!-- close content main div --><\/div><\/div><div id='after_section_3' class='main_color av_default_container_wrap container_wrap sidebar_right'   ><div class='container' ><div class='template-page content  av-content-small alpha units'><div class='post-entry post-entry-type-page post-entry-37'><div class='entry-content-wrapper clearfix'>\n","protected":false},"excerpt":{"rendered":"","protected":false},"author":3,"featured_media":0,"parent":0,"menu_order":0,"comment_status":"open","ping_status":"open","template":"","meta":[],"_links":{"self":[{"href":"https:\/\/globalconsultoriabh.com.br\/index.php?rest_route=\/wp\/v2\/pages\/37"}],"collection":[{"href":"https:\/\/globalconsultoriabh.com.br\/index.php?rest_route=\/wp\/v2\/pages"}],"about":[{"href":"https:\/\/globalconsultoriabh.com.br\/index.php?rest_route=\/wp\/v2\/types\/page"}],"author":[{"embeddable":true,"href":"https:\/\/globalconsultoriabh.com.br\/index.php?rest_route=\/wp\/v2\/users\/3"}],"replies":[{"embeddable":true,"href":"https:\/\/globalconsultoriabh.com.br\/index.php?rest_route=%2Fwp%2Fv2%2Fcomments&post=37"}],"version-history":[{"count":59,"href":"https:\/\/globalconsultoriabh.com.br\/index.php?rest_route=\/wp\/v2\/pages\/37\/revisions"}],"predecessor-version":[{"id":682,"href":"https:\/\/globalconsultoriabh.com.br\/index.php?rest_route=\/wp\/v2\/pages\/37\/revisions\/682"}],"wp:attachment":[{"href":"https:\/\/globalconsultoriabh.com.br\/index.php?rest_route=%2Fwp%2Fv2%2Fmedia&parent=37"}],"curies":[{"name":"wp","href":"https:\/\/api.w.org\/{rel}","templated":true}]}}