{"id":49,"date":"2014-02-17T23:00:35","date_gmt":"2014-02-17T23:00:35","guid":{"rendered":"http:\/\/www.globalconsultoriabh.com.br\/?page_id=49"},"modified":"2014-02-28T20:16:51","modified_gmt":"2014-02-28T20:16:51","slug":"empresa","status":"publish","type":"page","link":"https:\/\/globalconsultoriabh.com.br\/?page_id=49","title":{"rendered":"Empresa"},"content":{"rendered":"<div class=\"flex_column av_one_full  flex_column_div first  \" ><div style='padding-bottom:1px;' class='av-special-heading av-special-heading-h3 meta-heading  '><h3 class='av-special-heading-tag'  itemprop=\"headline\"  >Nossa Empresa<\/h3><div class='special-heading-border'><div class='special-heading-inner-border' ><\/div><\/div><\/div><\/div>\n<div class=\"flex_column av_one_full  flex_column_div first  \" ><section class=\"av_textblock_section\"  itemscope=\"itemscope\" itemtype=\"https:\/\/schema.org\/CreativeWork\" ><div class='avia_textblock '   itemprop=\"text\" ><p style=\"text-align: justify;\"><img loading=\"lazy\" class=\"size-full wp-image-365 alignleft\" alt=\"empresa\" src=\"http:\/\/www.globalconsultoriabh.com.br\/wp-content\/uploads\/2014\/02\/empresa.png\" width=\"153\" height=\"230\" \/>Criada por executivos e professores universit\u00e1rios com mais de quinze anos de experi\u00eancia em gest\u00e3o organizacional, o que garante\u00a0o padr\u00e3o de qualidade do nosso trabalho.<\/p>\n<p style=\"text-align: justify;\">A\u00a0<strong>Global<\/strong><span style=\"line-height: 1.5em;\">\u00a0<strong>Consult<\/strong><\/span><span style=\"line-height: 1.5em;\"><strong>oria<\/strong> \u00e9 uma empresa especializada em gest\u00e3o empresarial e fornece ao mercado um conceito novo em desenvolvimento de estrat\u00e9gias e maximiza\u00e7\u00e3o de resultados.<\/span><\/p>\n<p style=\"text-align: justify;\">Atua com\u00a0<span style=\"line-height: 1.5em;\">planejamento financeiro,\u00a0<\/span><span style=\"line-height: 1.5em;\">planejamento estrat\u00e9gico, planejamento de marketing, gest\u00e3o de pessoas, reestrutura\u00e7\u00e3o, elabora\u00e7\u00e3o de projetos de viabilidade econ\u00f4mico-financeiro, planos de neg\u00f3cios, gest\u00e3o de custos, or\u00e7amento \u00a0empresarial e elabora\u00e7\u00e3o de indicadores de desempenho.<\/span><\/p>\n<p style=\"text-align: justify;\"><strong>Miss\u00e3o<\/strong>: Prestar servi\u00e7os diferenciados \u00e0s empresas focando seus objetivos e trazendo resultados atrav\u00e9s do aperfei\u00e7oamento do seu sistema de gest\u00e3o envolvendo a profissionaliza\u00e7\u00e3o de pessoas, processos e informa\u00e7\u00f5es.<\/p>\n<p><strong>Princ\u00edpios<\/strong>: Transpar\u00eancia, Disciplina, \u00c9tica, Respeito.<\/p>\n<\/div><\/section><\/div>\n","protected":false},"excerpt":{"rendered":"","protected":false},"author":3,"featured_media":0,"parent":0,"menu_order":0,"comment_status":"open","ping_status":"open","template":"","meta":[],"_links":{"self":[{"href":"https:\/\/globalconsultoriabh.com.br\/index.php?rest_route=\/wp\/v2\/pages\/49"}],"collection":[{"href":"https:\/\/globalconsultoriabh.com.br\/index.php?rest_route=\/wp\/v2\/pages"}],"about":[{"href":"https:\/\/globalconsultoriabh.com.br\/index.php?rest_route=\/wp\/v2\/types\/page"}],"author":[{"embeddable":true,"href":"https:\/\/globalconsultoriabh.com.br\/index.php?rest_route=\/wp\/v2\/users\/3"}],"replies":[{"embeddable":true,"href":"https:\/\/globalconsultoriabh.com.br\/index.php?rest_route=%2Fwp%2Fv2%2Fcomments&post=49"}],"version-history":[{"count":46,"href":"https:\/\/globalconsultoriabh.com.br\/index.php?rest_route=\/wp\/v2\/pages\/49\/revisions"}],"predecessor-version":[{"id":464,"href":"https:\/\/globalconsultoriabh.com.br\/index.php?rest_route=\/wp\/v2\/pages\/49\/revisions\/464"}],"wp:attachment":[{"href":"https:\/\/globalconsultoriabh.com.br\/index.php?rest_route=%2Fwp%2Fv2%2Fmedia&parent=49"}],"curies":[{"name":"wp","href":"https:\/\/api.w.org\/{rel}","templated":true}]}}