{"id":51,"date":"2014-02-17T23:01:05","date_gmt":"2014-02-17T23:01:05","guid":{"rendered":"http:\/\/www.globalconsultoriabh.com.br\/?page_id=51"},"modified":"2023-04-14T15:14:54","modified_gmt":"2023-04-14T15:14:54","slug":"servicos","status":"publish","type":"page","link":"https:\/\/globalconsultoriabh.com.br\/?page_id=51","title":{"rendered":"Servi\u00e7os"},"content":{"rendered":"<div class=\"flex_column av_one_full  flex_column_div first  \" ><div style='padding-bottom:10px;' class='av-special-heading av-special-heading-h3 meta-heading  '><h3 class='av-special-heading-tag'  itemprop=\"headline\"  >Nossos Servi\u00e7os<\/h3><div class='special-heading-border'><div class='special-heading-inner-border' ><\/div><\/div><\/div><\/div>\n<div class=\"flex_column av_one_fourth  flex_column_div first  \" ><p><div class='avia-image-container avia_animated_image avia_animate_when_almost_visible left-to-right av-styling-   avia-align-center '  itemscope=\"itemscope\" itemtype=\"https:\/\/schema.org\/ImageObject\"  ><div class='avia-image-container-inner'><a href='https:\/\/globalconsultoriabh.com.br\/?page_id=116' class='avia_image'  ><img class='avia_image ' src='http:\/\/www.globalconsultoriabh.com.br\/wp-content\/uploads\/2014\/02\/img_planejamento-300x168.jpg' alt='' title='img_planejamento'  itemprop=\"contentURL\"  \/><\/a><\/div><\/div><br \/>\n<section class=\"av_textblock_section\"  itemscope=\"itemscope\" itemtype=\"https:\/\/schema.org\/CreativeWork\" ><div class='avia_textblock '   itemprop=\"text\" ><p><a title=\"Planejamento e Gest\u00e3o\" href=\"https:\/\/globalconsultoriabh.com.br\/?page_id=116\"><strong>Planejamento e Gest\u00e3o<\/strong><\/a><\/p>\n<p>O planejamento consiste em uma importante tarefa de\u00a0 gest\u00e3o e est\u00e1 relacionada com a\u00a0prepara\u00e7\u00e3o, organiza\u00e7\u00e3o e estrutura\u00e7\u00e3o &#8230;<\/p>\n<p><a title=\"Planejamento e Gest\u00e3o\" href=\"https:\/\/globalconsultoriabh.com.br\/?page_id=116\">Leia Mais<\/a><\/p>\n<\/div><\/section><\/p><\/div>\n<div class=\"flex_column av_one_fourth  flex_column_div av-zero-column-padding   \" style='border-radius:0px; '><p><div class='avia-image-container avia_animated_image avia_animate_when_almost_visible right-to-left av-styling-   avia-align-center '  itemscope=\"itemscope\" itemtype=\"https:\/\/schema.org\/ImageObject\"  ><div class='avia-image-container-inner'><a href='https:\/\/globalconsultoriabh.com.br\/?page_id=123' class='avia_image'  ><img class='avia_image ' src='http:\/\/www.globalconsultoriabh.com.br\/wp-content\/uploads\/2014\/02\/custos-300x168.jpg' alt='' title='custos'  itemprop=\"contentURL\"  \/><\/a><\/div><\/div><br \/>\n<section class=\"av_textblock_section\"  itemscope=\"itemscope\" itemtype=\"https:\/\/schema.org\/CreativeWork\" ><div class='avia_textblock '   itemprop=\"text\" ><p><a title=\"Finan\u00e7as\" href=\"https:\/\/globalconsultoriabh.com.br\/?page_id=123\"><strong>Finan\u00e7as<\/strong><\/a><\/p>\n<p>As mudan\u00e7as percebidas pelas organiza\u00e7\u00f5es acontecem cada vez mais rapidamente e a globaliza\u00e7\u00e3o as obriga a competir &#8230;<\/p>\n<p><a title=\"Finan\u00e7as\" href=\"https:\/\/globalconsultoriabh.com.br\/?page_id=123\">Leia Mais<\/a><\/p>\n<\/div><\/section><\/p><\/div>\n<div class=\"flex_column av_one_fourth  flex_column_div av-zero-column-padding   \" style='border-radius:0px; '><p><div class='avia-image-container avia_animated_image avia_animate_when_almost_visible left-to-right av-styling-   avia-align-center '  itemscope=\"itemscope\" itemtype=\"https:\/\/schema.org\/ImageObject\"  ><div class='avia-image-container-inner'><a href='https:\/\/globalconsultoriabh.com.br\/?page_id=121' class='avia_image'  ><img class='avia_image ' src='http:\/\/www.globalconsultoriabh.com.br\/wp-content\/uploads\/2014\/02\/marketing-300x168.jpg' alt='' title='marketing'  itemprop=\"contentURL\"  \/><\/a><\/div><\/div><br \/>\n<section class=\"av_textblock_section\"  itemscope=\"itemscope\" itemtype=\"https:\/\/schema.org\/CreativeWork\" ><div class='avia_textblock '   itemprop=\"text\" ><p><a title=\"Marketing\" href=\"https:\/\/globalconsultoriabh.com.br\/?page_id=121\"><strong>Marketing<\/strong><\/a><\/p>\n<p>\u00c9 uma fun\u00e7\u00e3o organizacional e um conjunto de processos que envolvem a cria\u00e7\u00e3o, a comunica\u00e7\u00e3o para os clientes &#8230;<\/p>\n<p><a title=\"Marketing\" href=\"https:\/\/globalconsultoriabh.com.br\/?page_id=121\">Leia Mais<\/a><\/p>\n<\/div><\/section><\/p><\/div>\n<div class=\"flex_column av_one_fourth  flex_column_div av-zero-column-padding   \" style='border-radius:0px; '><p><div class='avia-image-container avia_animated_image avia_animate_when_almost_visible right-to-left av-styling-   avia-align-center '  itemscope=\"itemscope\" itemtype=\"https:\/\/schema.org\/ImageObject\"  ><div class='avia-image-container-inner'><a href='https:\/\/globalconsultoriabh.com.br\/?page_id=119' class='avia_image'  ><img class='avia_image ' src='http:\/\/www.globalconsultoriabh.com.br\/wp-content\/uploads\/2014\/02\/auditoria-300x168.jpg' alt='' title='auditoria'  itemprop=\"contentURL\"  \/><\/a><\/div><\/div><br \/>\n<section class=\"av_textblock_section\"  itemscope=\"itemscope\" itemtype=\"https:\/\/schema.org\/CreativeWork\" ><div class='avia_textblock '   itemprop=\"text\" ><p><a title=\"Recursos Humanos\" href=\"https:\/\/globalconsultoriabh.com.br\/?page_id=119\"><strong>Recursos Humanos<\/strong><\/a><\/p>\n<p>J\u00e1 faz algum tempo que a \u00e1rea de Recursos Humanos passou de um simples departamento de pessoal para um agente &#8230;<\/p>\n<p><a title=\"Recursos Humanos\" href=\"https:\/\/globalconsultoriabh.com.br\/?page_id=119\">Leia Mais<\/a><\/p>\n<\/div><\/section><\/p><\/div>\n","protected":false},"excerpt":{"rendered":"","protected":false},"author":3,"featured_media":0,"parent":0,"menu_order":0,"comment_status":"open","ping_status":"open","template":"","meta":[],"_links":{"self":[{"href":"https:\/\/globalconsultoriabh.com.br\/index.php?rest_route=\/wp\/v2\/pages\/51"}],"collection":[{"href":"https:\/\/globalconsultoriabh.com.br\/index.php?rest_route=\/wp\/v2\/pages"}],"about":[{"href":"https:\/\/globalconsultoriabh.com.br\/index.php?rest_route=\/wp\/v2\/types\/page"}],"author":[{"embeddable":true,"href":"https:\/\/globalconsultoriabh.com.br\/index.php?rest_route=\/wp\/v2\/users\/3"}],"replies":[{"embeddable":true,"href":"https:\/\/globalconsultoriabh.com.br\/index.php?rest_route=%2Fwp%2Fv2%2Fcomments&post=51"}],"version-history":[{"count":21,"href":"https:\/\/globalconsultoriabh.com.br\/index.php?rest_route=\/wp\/v2\/pages\/51\/revisions"}],"predecessor-version":[{"id":691,"href":"https:\/\/globalconsultoriabh.com.br\/index.php?rest_route=\/wp\/v2\/pages\/51\/revisions\/691"}],"wp:attachment":[{"href":"https:\/\/globalconsultoriabh.com.br\/index.php?rest_route=%2Fwp%2Fv2%2Fmedia&parent=51"}],"curies":[{"name":"wp","href":"https:\/\/api.w.org\/{rel}","templated":true}]}}